{"id":5833,"date":"2021-01-18T10:00:15","date_gmt":"2021-01-18T10:00:15","guid":{"rendered":"https:\/\/lucas-filmfestival.de\/jobs\/"},"modified":"2022-08-28T20:30:34","modified_gmt":"2022-08-28T20:30:34","slug":"jobs","status":"publish","type":"page","link":"https:\/\/2022.lucas-filmfestival.de\/en\/jobs\/","title":{"rendered":"Jobs"},"content":{"rendered":"<div class=\"wpb-content-wrapper\"><p>[vc_row full_width=\u201cstretch_row\u201d css=\u201d.vc_custom_1624870661869{padding-top: 50px !important;padding-bottom: 50px !important;background-color: #48d1cc !important;}\u201d][vc_column][vc_row_inner][vc_column_inner][vc_single_image image=\u201c875\u201d img_size=\u201c215x50\u201d][\/vc_column_inner][\/vc_row_inner][vc_row_inner][vc_column_inner][vc_column_text]<\/p>\n<h1><strong>Volunteers wanted for LUCAS #45!<\/strong><\/h1>\n<p>[\/vc_column_text][\/vc_column_inner][\/vc_row_inner][\/vc_column][\/vc_row][vc_row full_width=\u201cstretch_row\u201d css=\u201d.vc_custom_1624870671082{padding-top: 50px !important;padding-bottom: 50px !important;background-color: #ffd700 !important;}\u201d][vc_column][vc_row_inner][vc_column_inner][vc_single_image image=\u201c875\u201d img_size=\u201c215x50\u201d][\/vc_column_inner][\/vc_row_inner][vc_row_inner][vc_column_inner][vc_column_text]<\/p>\n<p style=\"text-align: justify;\"><span data-contrast=\"auto\">You would like to look behind the sce\u00adnes of an inter\u00adna\u00adtio\u00adnal film fes\u00adti\u00adval, get to know the fes\u00adti\u00adval work at LUCAS and sup\u00adport the LUCAS team during the fes\u00adti\u00adval week?<\/span><span data-ccp-props=\"{}\">&nbsp;<\/span><\/p>\n<p style=\"text-align: justify;\"><span data-contrast=\"auto\">LUCAS \u2014 International Festival for Young Film Lovers will take place from <strong>October 6 to 13, 2022<\/strong> in Frankfurt, Wiesbaden and Offenbach.<\/span><span data-ccp-props=\"{}\">&nbsp;<\/span><\/p>\n<p style=\"text-align: justify;\"><span data-contrast=\"auto\">If you are inte\u00adres\u00adted, plea\u00adse send us your appli\u00adca\u00adti\u00adon and a CV as a PDF docu\u00adment to:<span style=\"text-decoration: underline;\"> lucas-info@dff.film<\/span><\/span><\/p>\n<p style=\"text-align: justify;\"><span data-contrast=\"auto\">If you have any ques\u00adti\u00adons, plea\u00adse cont\u00adact us: 069 961 220 673<\/span><span data-ccp-props=\"{}\">&nbsp;<\/span><\/p>\n<p style=\"text-align: justify;\"><span data-contrast=\"none\">Please note that basic German lan\u00adguage skills are requi\u00adred.<\/span><span data-ccp-props=\"{}\">&nbsp;<\/span><\/p>\n<p>[\/vc_column_text][\/vc_column_inner][\/vc_row_inner][\/vc_column][\/vc_row]<\/p>\n<\/div>","protected":false},"excerpt":{"rendered":"<p>[vc_row full_width=\u201cstretch_row\u201d css=\u201d.vc_custom_1624870661869{padding-top: 50px !important;padding-bottom: 50px !important;background-color: #48d1cc !important;}\u201d][vc_column][vc_row_inner][vc_column_inner][vc_single_image image=\u201c875\u201d img_size=\u201c215x50\u201d][\/vc_column_inner][\/vc_row_inner][vc_row_inner][vc_column_inner][vc_column_text] Volunteers wan\u00adted for LUCAS #45! [\/vc_column_text][\/vc_column_inner][\/vc_row_inner][\/vc_column][\/vc_row][vc_row full_width=\u201cstretch_row\u201d css=\u201d.vc_custom_1624870671082{padding-top: 50px !important;padding-bottom: 50px !important;background-color: #ffd700 !important;}\u201d][vc_column][vc_row_inner][vc_column_inner][vc_single_image image=\u201c875\u201d img_size=\u201c215x50\u201d][\/vc_column_inner][\/vc_row_inner][vc_row_inner][vc_column_inner][vc_column_text] You would like to look behind the sce\u00adnes of an inter\u00adna\u00adtio\u00adnal film fes\u00adti\u00adval, get to know the fes\u00adti\u00adval work at LUCAS and sup\u00adport the LUCAS team during the&nbsp;[\u2026]<\/p>\n","protected":false},"author":1,"featured_media":0,"parent":0,"menu_order":110,"comment_status":"closed","ping_status":"closed","template":"","meta":{"wp_typography_post_enhancements_disabled":false,"site-sidebar-layout":"no-sidebar","site-content-layout":"plain-container","ast-site-content-layout":"default","site-content-style":"default","site-sidebar-style":"default","ast-global-header-display":"","ast-banner-title-visibility":"","ast-main-header-display":"","ast-hfb-above-header-display":"","ast-hfb-below-header-display":"","ast-hfb-mobile-header-display":"","site-post-title":"disabled","ast-breadcrumbs-content":"","ast-featured-img":"disabled","footer-sml-layout":"","ast-disable-related-posts":"","theme-transparent-header-meta":"default","adv-header-id-meta":"","stick-header-meta":"default","header-above-stick-meta":"","header-main-stick-meta":"","header-below-stick-meta":"","astra-migrate-meta-layouts":"default","ast-page-background-enabled":"default","ast-page-background-meta":{"desktop":{"background-color":"","background-image":"","background-repeat":"repeat","background-position":"center center","background-size":"auto","background-attachment":"scroll","background-type":"","background-media":"","overlay-type":"","overlay-color":"","overlay-opacity":"","overlay-gradient":""},"tablet":{"background-color":"","background-image":"","background-repeat":"repeat","background-position":"center center","background-size":"auto","background-attachment":"scroll","background-type":"","background-media":"","overlay-type":"","overlay-color":"","overlay-opacity":"","overlay-gradient":""},"mobile":{"background-color":"","background-image":"","background-repeat":"repeat","background-position":"center center","background-size":"auto","background-attachment":"scroll","background-type":"","background-media":"","overlay-type":"","overlay-color":"","overlay-opacity":"","overlay-gradient":""}},"ast-content-background-meta":{"desktop":{"background-color":"var(--ast-global-color-5)","background-image":"","background-repeat":"repeat","background-position":"center center","background-size":"auto","background-attachment":"scroll","background-type":"","background-media":"","overlay-type":"","overlay-color":"","overlay-opacity":"","overlay-gradient":""},"tablet":{"background-color":"var(--ast-global-color-5)","background-image":"","background-repeat":"repeat","background-position":"center center","background-size":"auto","background-attachment":"scroll","background-type":"","background-media":"","overlay-type":"","overlay-color":"","overlay-opacity":"","overlay-gradient":""},"mobile":{"background-color":"var(--ast-global-color-5)","background-image":"","background-repeat":"repeat","background-position":"center center","background-size":"auto","background-attachment":"scroll","background-type":"","background-media":"","overlay-type":"","overlay-color":"","overlay-opacity":"","overlay-gradient":""}},"footnotes":""},"class_list":["post-5833","page","type-page","status-publish","hentry"],"yoast_head":"<!-- This site is optimized with the Yoast SEO plugin v27.2 - https:\/\/yoast.com\/product\/yoast-seo-wordpress\/ -->\n<title>Jobs - LUCAS \u2013 Internationales Festival f\u00fcr junge Filmfans<\/title>\n<meta name=\"robots\" content=\"index, follow, max-snippet:-1, max-image-preview:large, max-video-preview:-1\" \/>\n<link rel=\"canonical\" href=\"https:\/\/2022.lucas-filmfestival.de\/en\/jobs\/\" \/>\n<meta property=\"og:locale\" content=\"en_US\" \/>\n<meta property=\"og:type\" content=\"article\" \/>\n<meta property=\"og:title\" content=\"Jobs - LUCAS \u2013 Internationales Festival f\u00fcr junge Filmfans\" \/>\n<meta property=\"og:description\" content=\"[vc_row full_width=\u201cstretch_row\u201d css=\u201d.vc_custom_1624870661869{padding-top: 50px !important;padding-bottom: 50px !important;background-color: #48d1cc !important;}\u201d][vc_column][vc_row_inner][vc_column_inner][vc_single_image image=\u201c875\u201d img_size=\u201c215x50\u201d][\/vc_column_inner][\/vc_row_inner][vc_row_inner][vc_column_inner][vc_column_text] Volunteers wanted for LUCAS #45! [\/vc_column_text][\/vc_column_inner][\/vc_row_inner][\/vc_column][\/vc_row][vc_row full_width=\u201cstretch_row\u201d css=\u201d.vc_custom_1624870671082{padding-top: 50px !important;padding-bottom: 50px !important;background-color: #ffd700 !important;}\u201d][vc_column][vc_row_inner][vc_column_inner][vc_single_image image=\u201c875\u201d img_size=\u201c215x50\u201d][\/vc_column_inner][\/vc_row_inner][vc_row_inner][vc_column_inner][vc_column_text] You would like to look behind the sce\u00adnes of an inter\u00adna\u00adtio\u00adnal film fes\u00adti\u00adval, get to know the fes\u00adti\u00adval work at LUCAS and sup\u00adport the LUCAS team during the [&hellip;]\" \/>\n<meta property=\"og:url\" content=\"https:\/\/2022.lucas-filmfestival.de\/en\/jobs\/\" \/>\n<meta property=\"og:site_name\" content=\"LUCAS \u2013 Internationales Festival f\u00fcr junge Filmfans\" \/>\n<meta property=\"article:publisher\" content=\"https:\/\/www.facebook.com\/LUCASFestival\" \/>\n<meta property=\"article:modified_time\" content=\"2022-08-28T20:30:34+00:00\" \/>\n<meta name=\"twitter:card\" content=\"summary_large_image\" \/>\n<meta name=\"twitter:site\" content=\"@dff_film\" \/>\n<meta name=\"twitter:label1\" content=\"Est. reading time\" \/>\n\t<meta name=\"twitter:data1\" content=\"1 minute\" \/>\n<script type=\"application\/ld+json\" class=\"yoast-schema-graph\">{\"@context\":\"https:\/\/schema.org\",\"@graph\":[{\"@type\":\"WebPage\",\"@id\":\"https:\/\/2022.lucas-filmfestival.de\/en\/jobs\/\",\"url\":\"https:\/\/2022.lucas-filmfestival.de\/en\/jobs\/\",\"name\":\"Jobs - LUCAS \u2013 Internationales Festival f\u00fcr junge Filmfans\",\"isPartOf\":{\"@id\":\"https:\/\/2022.lucas-filmfestival.de\/en\/#website\"},\"datePublished\":\"2021-01-18T10:00:15+00:00\",\"dateModified\":\"2022-08-28T20:30:34+00:00\",\"breadcrumb\":{\"@id\":\"https:\/\/2022.lucas-filmfestival.de\/en\/jobs\/#breadcrumb\"},\"inLanguage\":\"en-US\",\"potentialAction\":[{\"@type\":\"ReadAction\",\"target\":[\"https:\/\/2022.lucas-filmfestival.de\/en\/jobs\/\"]}]},{\"@type\":\"BreadcrumbList\",\"@id\":\"https:\/\/2022.lucas-filmfestival.de\/en\/jobs\/#breadcrumb\",\"itemListElement\":[{\"@type\":\"ListItem\",\"position\":1,\"name\":\"Home\",\"item\":\"https:\/\/2022.lucas-filmfestival.de\/en\/\"},{\"@type\":\"ListItem\",\"position\":2,\"name\":\"Jobs\"}]},{\"@type\":\"WebSite\",\"@id\":\"https:\/\/2022.lucas-filmfestival.de\/en\/#website\",\"url\":\"https:\/\/2022.lucas-filmfestival.de\/en\/\",\"name\":\"LUCAS \u2013 Internationales Festival f\u00fcr junge Filmfans\",\"description\":\"Deutschlands \u00e4ltestes Filmfestival f\u00fcr junges Publikum. Das Programm richtet sich an alle von vier Jahren bis 18plus und pr\u00e4sentiert aktuelles internationales Filmschaffen \u2013 Spiel\u2011, Dokumentar\u2011, Animations- und Experimentalfilme. Herzst\u00fcck von LUCAS sind die Wettbewerbe in den Sektionen 8+, 13+ und 16+ | Youngsters.\",\"publisher\":{\"@id\":\"https:\/\/2022.lucas-filmfestival.de\/en\/#organization\"},\"potentialAction\":[{\"@type\":\"SearchAction\",\"target\":{\"@type\":\"EntryPoint\",\"urlTemplate\":\"https:\/\/2022.lucas-filmfestival.de\/en\/?s={search_term_string}\"},\"query-input\":{\"@type\":\"PropertyValueSpecification\",\"valueRequired\":true,\"valueName\":\"search_term_string\"}}],\"inLanguage\":\"en-US\"},{\"@type\":\"Organization\",\"@id\":\"https:\/\/2022.lucas-filmfestival.de\/en\/#organization\",\"name\":\"LUCAS \u2013 Internationales Festival f\u00fcr junge Filmfans\",\"url\":\"https:\/\/2022.lucas-filmfestival.de\/en\/\",\"logo\":{\"@type\":\"ImageObject\",\"inLanguage\":\"en-US\",\"@id\":\"https:\/\/2022.lucas-filmfestival.de\/en\/#\/schema\/logo\/image\/\",\"url\":\"https:\/\/2022.lucas-filmfestival.de\/medien\/2021\/01\/cropped-LucasAnimation-logo-br80px.gif\",\"contentUrl\":\"https:\/\/2022.lucas-filmfestival.de\/medien\/2021\/01\/cropped-LucasAnimation-logo-br80px.gif\",\"width\":80,\"height\":59,\"caption\":\"LUCAS \u2013 Internationales Festival f\u00fcr junge Filmfans\"},\"image\":{\"@id\":\"https:\/\/2022.lucas-filmfestival.de\/en\/#\/schema\/logo\/image\/\"},\"sameAs\":[\"https:\/\/www.facebook.com\/LUCASFestival\",\"https:\/\/x.com\/dff_film\"]}]}<\/script>\n<!-- \/ Yoast SEO plugin. -->","yoast_head_json":{"title":"Jobs - LUCAS \u2013 Internationales Festival f\u00fcr junge Filmfans","robots":{"index":"index","follow":"follow","max-snippet":"max-snippet:-1","max-image-preview":"max-image-preview:large","max-video-preview":"max-video-preview:-1"},"canonical":"https:\/\/2022.lucas-filmfestival.de\/en\/jobs\/","og_locale":"en_US","og_type":"article","og_title":"Jobs - LUCAS \u2013 Internationales Festival f\u00fcr junge Filmfans","og_description":"[vc_row full_width=\u201cstretch_row\u201d css=\u201d.vc_custom_1624870661869{padding-top: 50px !important;padding-bottom: 50px !important;background-color: #48d1cc !important;}\u201d][vc_column][vc_row_inner][vc_column_inner][vc_single_image image=\u201c875\u201d img_size=\u201c215x50\u201d][\/vc_column_inner][\/vc_row_inner][vc_row_inner][vc_column_inner][vc_column_text] Volunteers wanted for LUCAS #45! [\/vc_column_text][\/vc_column_inner][\/vc_row_inner][\/vc_column][\/vc_row][vc_row full_width=\u201cstretch_row\u201d css=\u201d.vc_custom_1624870671082{padding-top: 50px !important;padding-bottom: 50px !important;background-color: #ffd700 !important;}\u201d][vc_column][vc_row_inner][vc_column_inner][vc_single_image image=\u201c875\u201d img_size=\u201c215x50\u201d][\/vc_column_inner][\/vc_row_inner][vc_row_inner][vc_column_inner][vc_column_text] You would like to look behind the sce\u00adnes of an inter\u00adna\u00adtio\u00adnal film fes\u00adti\u00adval, get to know the fes\u00adti\u00adval work at LUCAS and sup\u00adport the LUCAS team during the [&hellip;]","og_url":"https:\/\/2022.lucas-filmfestival.de\/en\/jobs\/","og_site_name":"LUCAS \u2013 Internationales Festival f\u00fcr junge Filmfans","article_publisher":"https:\/\/www.facebook.com\/LUCASFestival","article_modified_time":"2022-08-28T20:30:34+00:00","twitter_card":"summary_large_image","twitter_site":"@dff_film","twitter_misc":{"Est. reading time":"1 minute"},"schema":{"@context":"https:\/\/schema.org","@graph":[{"@type":"WebPage","@id":"https:\/\/2022.lucas-filmfestival.de\/en\/jobs\/","url":"https:\/\/2022.lucas-filmfestival.de\/en\/jobs\/","name":"Jobs - LUCAS \u2013 Internationales Festival f\u00fcr junge Filmfans","isPartOf":{"@id":"https:\/\/2022.lucas-filmfestival.de\/en\/#website"},"datePublished":"2021-01-18T10:00:15+00:00","dateModified":"2022-08-28T20:30:34+00:00","breadcrumb":{"@id":"https:\/\/2022.lucas-filmfestival.de\/en\/jobs\/#breadcrumb"},"inLanguage":"en-US","potentialAction":[{"@type":"ReadAction","target":["https:\/\/2022.lucas-filmfestival.de\/en\/jobs\/"]}]},{"@type":"BreadcrumbList","@id":"https:\/\/2022.lucas-filmfestival.de\/en\/jobs\/#breadcrumb","itemListElement":[{"@type":"ListItem","position":1,"name":"Home","item":"https:\/\/2022.lucas-filmfestival.de\/en\/"},{"@type":"ListItem","position":2,"name":"Jobs"}]},{"@type":"WebSite","@id":"https:\/\/2022.lucas-filmfestival.de\/en\/#website","url":"https:\/\/2022.lucas-filmfestival.de\/en\/","name":"LUCAS \u2013 Internationales Festival f\u00fcr junge Filmfans","description":"Deutschlands \u00e4ltestes Filmfestival f\u00fcr junges Publikum. Das Programm richtet sich an alle von vier Jahren bis 18plus und pr\u00e4sentiert aktuelles internationales Filmschaffen \u2013 Spiel\u2011, Dokumentar\u2011, Animations- und Experimentalfilme. Herzst\u00fcck von LUCAS sind die Wettbewerbe in den Sektionen 8+, 13+ und 16+ | Youngsters.","publisher":{"@id":"https:\/\/2022.lucas-filmfestival.de\/en\/#organization"},"potentialAction":[{"@type":"SearchAction","target":{"@type":"EntryPoint","urlTemplate":"https:\/\/2022.lucas-filmfestival.de\/en\/?s={search_term_string}"},"query-input":{"@type":"PropertyValueSpecification","valueRequired":true,"valueName":"search_term_string"}}],"inLanguage":"en-US"},{"@type":"Organization","@id":"https:\/\/2022.lucas-filmfestival.de\/en\/#organization","name":"LUCAS \u2013 Internationales Festival f\u00fcr junge Filmfans","url":"https:\/\/2022.lucas-filmfestival.de\/en\/","logo":{"@type":"ImageObject","inLanguage":"en-US","@id":"https:\/\/2022.lucas-filmfestival.de\/en\/#\/schema\/logo\/image\/","url":"https:\/\/2022.lucas-filmfestival.de\/medien\/2021\/01\/cropped-LucasAnimation-logo-br80px.gif","contentUrl":"https:\/\/2022.lucas-filmfestival.de\/medien\/2021\/01\/cropped-LucasAnimation-logo-br80px.gif","width":80,"height":59,"caption":"LUCAS \u2013 Internationales Festival f\u00fcr junge Filmfans"},"image":{"@id":"https:\/\/2022.lucas-filmfestival.de\/en\/#\/schema\/logo\/image\/"},"sameAs":["https:\/\/www.facebook.com\/LUCASFestival","https:\/\/x.com\/dff_film"]}]}},"_links":{"self":[{"href":"https:\/\/2022.lucas-filmfestival.de\/en\/wp-json\/wp\/v2\/pages\/5833","targetHints":{"allow":["GET"]}}],"collection":[{"href":"https:\/\/2022.lucas-filmfestival.de\/en\/wp-json\/wp\/v2\/pages"}],"about":[{"href":"https:\/\/2022.lucas-filmfestival.de\/en\/wp-json\/wp\/v2\/types\/page"}],"author":[{"embeddable":true,"href":"https:\/\/2022.lucas-filmfestival.de\/en\/wp-json\/wp\/v2\/users\/1"}],"replies":[{"embeddable":true,"href":"https:\/\/2022.lucas-filmfestival.de\/en\/wp-json\/wp\/v2\/comments?post=5833"}],"version-history":[{"count":6,"href":"https:\/\/2022.lucas-filmfestival.de\/en\/wp-json\/wp\/v2\/pages\/5833\/revisions"}],"predecessor-version":[{"id":10572,"href":"https:\/\/2022.lucas-filmfestival.de\/en\/wp-json\/wp\/v2\/pages\/5833\/revisions\/10572"}],"wp:attachment":[{"href":"https:\/\/2022.lucas-filmfestival.de\/en\/wp-json\/wp\/v2\/media?parent=5833"}],"curies":[{"name":"wp","href":"https:\/\/api.w.org\/{rel}","templated":true}]}}