{"id":5843,"date":"2021-01-18T10:03:31","date_gmt":"2021-01-18T10:03:31","guid":{"rendered":"https:\/\/lucas-filmfestival.de\/impressum\/"},"modified":"2021-08-27T14:57:38","modified_gmt":"2021-08-27T14:57:38","slug":"imprint","status":"publish","type":"page","link":"https:\/\/2022.lucas-filmfestival.de\/en\/imprint\/","title":{"rendered":"Imprint"},"content":{"rendered":"<div class=\"wpb-content-wrapper\"><p>[vc_row full_width=\u201cstretch_row\u201d css=\u201d.vc_custom_1624870661869{padding-top: 50px !important;padding-bottom: 50px !important;background-color: #48d1cc !important;}\u201d][vc_column][vc_row_inner][vc_column_inner][vc_single_image image=\u201c875\u201d img_size=\u201c215x50\u201d][\/vc_column_inner][\/vc_row_inner][vc_row_inner][vc_column_inner width=\u201c1\/2\u201d][vc_column_text]<strong>Angaben gem\u00e4\u00df \u00a7 5&nbsp;TMG<\/strong><\/p>\n<p>DFF \u2013 Deutsches Filminstitut &amp; Filmmuseum e.V.<br>\nSchaumainkai 41<br>\n60596 Frankfurt am&nbsp;Main<\/p>\n<p><strong>Vertreten durch:<\/strong><br>\nEllen M. Harrington<br>\nAur\u00e9lio de&nbsp;Sousa<\/p>\n<p><strong>Kontakt:<\/strong><br>\nTelefon: +49\u201369-961220 0<br>\nTelefax: +49\u201369-961220 999<br>\nE\u2011Mail: <a href=\"mailto:info@dff.film\">info@dff.film<\/a><\/p>\n<p><strong>Zust\u00e4ndiges Vereinsregister<\/strong><br>\nAmtsgericht Frankfurt am&nbsp;Main<br>\n\u2013 Registergericht&nbsp;\u2013<br>\nHeiligkreuzgasse 34<br>\n60313 Frankfurt am&nbsp;Main<br>\n\u2013 Gesch\u00e4ftsnummer: VR&nbsp;7975&nbsp;\u2013<\/p>\n<p>Umsatzsteuer-Identifikationsnummer gem\u00e4\u00df \u00a727 a Umsatzsteuergesetz:<br>\nDE 113891109<\/p>\n<p><strong>Verantwortlich f\u00fcr den Inhalt nach \u00a7 55 Abs. 2&nbsp;RStV:<\/strong><br>\nEllen M. Harrington<br>\nDFF \u2013 Deutsches Filminstitut &amp; Filmmuseum e.V.<br>\nSchaumainkai 41<br>\n60596 Frankfurt am Main[\/vc_column_text][\/vc_column_inner][vc_column_inner width=\u201c1\/2\u201d][\/vc_column_inner][\/vc_row_inner][\/vc_column][\/vc_row][vc_row full_width=\u201cstretch_row\u201d css=\u201d.vc_custom_1624870671082{padding-top: 50px !important;padding-bottom: 50px !important;background-color: #ffd700 !important;}\u201d][vc_column][vc_row_inner][vc_column_inner][vc_single_image image=\u201c875\u201d img_size=\u201c215x50\u201d][\/vc_column_inner][\/vc_row_inner][vc_row_inner][vc_column_inner width=\u201c1\/2\u201d][vc_column_text]<strong>Implementierung und tech\u00adni\u00adsche Umsetzung<\/strong><br>\nJ\u00fcrgen Kindlmann<\/p>\n<p><strong>Redaktion<\/strong><br>\nLUCAS \u2013 Internationales Festival f\u00fcr jun\u00adge Filmfans<br>\nSchaumainkai 41<br>\nD\u201160596 Frankfurt am&nbsp;Main<br>\nTel: +49\u201369-961 220&nbsp;671<br>\nFax: +49\u201369-961 220&nbsp;669<\/p>\n<p><strong>Jugendschutzbeauftragter:<\/strong><br>\nFabian Schauren (<a class=\"moz-txt-link-abbreviated\" href=\"mailto:jugendschutz@kommunale-kinos.de\">jugendschutz@kommunale-kinos.de<\/a>)[\/vc_column_text][\/vc_column_inner][vc_column_inner width=\u201c1\/2\u201d][\/vc_column_inner][\/vc_row_inner][\/vc_column][\/vc_row][vc_row full_width=\u201cstretch_row\u201d css=\u201d.vc_custom_1624870682598{padding-top: 50px !important;padding-bottom: 50px !important;background-color: #ff6347 !important;}\u201d][vc_column][vc_row_inner][vc_column_inner][vc_single_image image=\u201c875\u201d img_size=\u201c215x50\u201d][\/vc_column_inner][\/vc_row_inner][vc_row_inner][vc_column_inner width=\u201c1\/2\u201d][vc_column_text]<\/p>\n<p style=\"text-align: justify;\"><strong>Streitschlichtung<\/strong><br>\nDie Europ\u00e4ische Kommission stellt eine Plattform zur Online-Streitbeilegung (OS) bereit: https:\/\/ec.europa.eu\/consumers\/odr<br>\nUnsere E\u2011Mail-Adresse fin\u00adden Sie oben im Impressum.<\/p>\n<p style=\"text-align: justify;\">Wir sind nicht bereit oder ver\u00adpflich\u00adtet, an Streitbeilegungsverfahren vor einer Verbraucherschlichtungsstelle teilzunehmen.<\/p>\n<p style=\"text-align: justify;\"><strong>Haftung f\u00fcr Inhalte<\/strong><br>\nAls Diensteanbieter sind wir gem\u00e4\u00df \u00a7 7 Abs.1 TMG f\u00fcr eige\u00adne Inhalte auf die\u00adsen Seiten nach den all\u00adge\u00admei\u00adnen Gesetzen ver\u00adant\u00adwort\u00adlich. Nach \u00a7\u00a7 8 bis 10 TMG sind wir als Diensteanbieter jedoch nicht ver\u00adpflich\u00adtet, \u00fcber\u00admit\u00adtel\u00adte oder gespei\u00adcher\u00adte frem\u00adde Informationen zu \u00fcber\u00adwa\u00adchen oder nach Umst\u00e4nden zu for\u00adschen, die auf eine rechts\u00adwid\u00adri\u00adge T\u00e4tigkeit hinweisen.<\/p>\n<p style=\"text-align: justify;\">Verpflichtungen zur Entfernung oder Sperrung der Nutzung von Informationen nach den all\u00adge\u00admei\u00adnen Gesetzen blei\u00adben hier\u00advon unbe\u00adr\u00fchrt. Eine dies\u00adbe\u00adz\u00fcg\u00adli\u00adche Haftung ist jedoch erst ab dem Zeitpunkt der Kenntnis einer kon\u00adkre\u00adten Rechtsverletzung m\u00f6g\u00adlich. Bei Bekanntwerden von ent\u00adspre\u00adchen\u00adden Rechtsverletzungen wer\u00adden wir die\u00adse Inhalte umge\u00adhend entfernen.<\/p>\n<p style=\"text-align: justify;\"><strong>Haftung f\u00fcr&nbsp;Links<\/strong><br>\nUnser Angebot ent\u00adh\u00e4lt Links zu exter\u00adnen Websites Dritter, auf deren Inhalte wir kei\u00adnen Einfluss haben. Deshalb k\u00f6n\u00adnen wir f\u00fcr die\u00adse frem\u00adden Inhalte auch kei\u00adne Gew\u00e4hr \u00fcber\u00adneh\u00admen. F\u00fcr die Inhalte der ver\u00adlink\u00adten Seiten ist stets der jewei\u00adli\u00adge Anbieter oder Betreiber der Seiten ver\u00adant\u00adwort\u00adlich. Die ver\u00adlink\u00adten Seiten wur\u00adden zum Zeitpunkt der Verlinkung auf m\u00f6g\u00adli\u00adche Rechtsverst\u00f6\u00dfe \u00fcber\u00adpr\u00fcft. Rechtswidrige Inhalte waren zum Zeitpunkt der Verlinkung nicht erkennbar.<\/p>\n<p style=\"text-align: justify;\">Eine per\u00adma\u00adnen\u00adte inhalt\u00adli\u00adche Kontrolle der ver\u00adlink\u00adten Seiten ist jedoch ohne kon\u00adkre\u00adte Anhaltspunkte einer Rechtsverletzung nicht zumut\u00adbar. Bei Bekanntwerden von Rechtsverletzungen wer\u00adden wir der\u00adar\u00adti\u00adge Links umge\u00adhend entfernen.<\/p>\n<p style=\"text-align: justify;\"><strong>Urheberrecht<\/strong><br>\nDie durch die Seitenbetreiber erstell\u00adten Inhalte und Werke auf die\u00adsen Seiten unter\u00adlie\u00adgen dem deut\u00adschen Urheberrecht. Die Vervielf\u00e4ltigung, Bearbeitung, Verbreitung und jede Art der Verwertung au\u00dfer\u00adhalb der Grenzen des Urheberrechtes bed\u00fcr\u00adfen der schrift\u00adli\u00adchen Zustimmung des jewei\u00adli\u00adgen Autors bzw. Erstellers. Downloads und Kopien die\u00adser Seite sind nur f\u00fcr den pri\u00adva\u00adten, nicht kom\u00admer\u00adzi\u00adel\u00adlen Gebrauch gestattet.<\/p>\n<p style=\"text-align: justify;\">Soweit die Inhalte auf die\u00adser Seite nicht vom Betreiber erstellt wur\u00adden, wer\u00adden die Urheberrechte Dritter beach\u00adtet. Insbesondere wer\u00adden Inhalte Dritter als sol\u00adche gekenn\u00adzeich\u00adnet. Sollten Sie trotz\u00addem auf eine Urheberrechtsverletzung auf\u00admerk\u00adsam wer\u00adden, bit\u00adten wir um einen ent\u00adspre\u00adchen\u00adden Hinweis. Bei Bekanntwerden von Rechtsverletzungen wer\u00adden wir der\u00adar\u00adti\u00adge Inhalte umge\u00adhend entfernen.<\/p>\n<p style=\"text-align: justify;\">Quelle: e\u2011recht24.de<\/p>\n<p>[\/vc_column_text][\/vc_column_inner][vc_column_inner width=\u201c1\/2\u201d][\/vc_column_inner][\/vc_row_inner][\/vc_column][\/vc_row]<\/p>\n<\/div>","protected":false},"excerpt":{"rendered":"<p>[vc_row full_width=\u201cstretch_row\u201d css=\u201d.vc_custom_1624870661869{padding-top: 50px !important;padding-bottom: 50px !important;background-color: #48d1cc !important;}\u201d][vc_column][vc_row_inner][vc_column_inner][vc_single_image image=\u201c875\u201d img_size=\u201c215x50\u201d][\/vc_column_inner][\/vc_row_inner][vc_row_inner][vc_column_inner width=\u201c1\/2\u201d][vc_column_text]Angaben gem\u00e4\u00df \u00a7 5&nbsp;TMG DFF \u2013 Deutsches Filminstitut &amp; Filmmuseum e.V. Schaumainkai 41 60596 Frankfurt am&nbsp;Main Vertreten durch: Ellen M. Harrington Aur\u00e9lio de&nbsp;Sousa Kontakt: Telefon: +49\u201369\u2013961220 0 Telefax: +49\u201369\u2013961220 999 E\u2011Mail: info@dff.film Zust\u00e4ndiges Vereinsregister Amtsgericht Frankfurt am&nbsp;Main \u2013 Registergericht&nbsp;\u2013 Heiligkreuzgasse 34 60313 Frankfurt am&nbsp;Main&nbsp;[\u2026]<\/p>\n","protected":false},"author":1,"featured_media":0,"parent":0,"menu_order":210,"comment_status":"closed","ping_status":"closed","template":"","meta":{"wp_typography_post_enhancements_disabled":false,"site-sidebar-layout":"no-sidebar","site-content-layout":"plain-container","ast-site-content-layout":"normal-width-container","site-content-style":"unboxed","site-sidebar-style":"unboxed","ast-global-header-display":"","ast-banner-title-visibility":"","ast-main-header-display":"","ast-hfb-above-header-display":"","ast-hfb-below-header-display":"","ast-hfb-mobile-header-display":"","site-post-title":"","ast-breadcrumbs-content":"","ast-featured-img":"disabled","footer-sml-layout":"","ast-disable-related-posts":"","theme-transparent-header-meta":"default","adv-header-id-meta":"","stick-header-meta":"default","header-above-stick-meta":"","header-main-stick-meta":"","header-below-stick-meta":"","astra-migrate-meta-layouts":"default","ast-page-background-enabled":"default","ast-page-background-meta":{"desktop":{"background-color":"","background-image":"","background-repeat":"repeat","background-position":"center center","background-size":"auto","background-attachment":"scroll","background-type":"","background-media":"","overlay-type":"","overlay-color":"","overlay-opacity":"","overlay-gradient":""},"tablet":{"background-color":"","background-image":"","background-repeat":"repeat","background-position":"center center","background-size":"auto","background-attachment":"scroll","background-type":"","background-media":"","overlay-type":"","overlay-color":"","overlay-opacity":"","overlay-gradient":""},"mobile":{"background-color":"","background-image":"","background-repeat":"repeat","background-position":"center center","background-size":"auto","background-attachment":"scroll","background-type":"","background-media":"","overlay-type":"","overlay-color":"","overlay-opacity":"","overlay-gradient":""}},"ast-content-background-meta":{"desktop":{"background-color":"var(--ast-global-color-5)","background-image":"","background-repeat":"repeat","background-position":"center center","background-size":"auto","background-attachment":"scroll","background-type":"","background-media":"","overlay-type":"","overlay-color":"","overlay-opacity":"","overlay-gradient":""},"tablet":{"background-color":"var(--ast-global-color-5)","background-image":"","background-repeat":"repeat","background-position":"center center","background-size":"auto","background-attachment":"scroll","background-type":"","background-media":"","overlay-type":"","overlay-color":"","overlay-opacity":"","overlay-gradient":""},"mobile":{"background-color":"var(--ast-global-color-5)","background-image":"","background-repeat":"repeat","background-position":"center center","background-size":"auto","background-attachment":"scroll","background-type":"","background-media":"","overlay-type":"","overlay-color":"","overlay-opacity":"","overlay-gradient":""}},"footnotes":""},"class_list":["post-5843","page","type-page","status-publish","hentry"],"yoast_head":"<!-- This site is optimized with the Yoast SEO plugin v27.2 - https:\/\/yoast.com\/product\/yoast-seo-wordpress\/ -->\n<title>Imprint - LUCAS \u2013 Internationales Festival f\u00fcr junge Filmfans<\/title>\n<meta name=\"robots\" content=\"index, follow, max-snippet:-1, max-image-preview:large, max-video-preview:-1\" \/>\n<link rel=\"canonical\" href=\"https:\/\/2022.lucas-filmfestival.de\/en\/imprint\/\" \/>\n<meta property=\"og:locale\" content=\"en_US\" \/>\n<meta property=\"og:type\" content=\"article\" \/>\n<meta property=\"og:title\" content=\"Imprint - LUCAS \u2013 Internationales Festival f\u00fcr junge Filmfans\" \/>\n<meta property=\"og:description\" content=\"[vc_row full_width=\u201cstretch_row\u201d css=\u201d.vc_custom_1624870661869{padding-top: 50px !important;padding-bottom: 50px !important;background-color: #48d1cc !important;}\u201d][vc_column][vc_row_inner][vc_column_inner][vc_single_image image=\u201c875\u201d img_size=\u201c215x50\u201d][\/vc_column_inner][\/vc_row_inner][vc_row_inner][vc_column_inner width=\u201c1\/2\u201d][vc_column_text]Angaben gem\u00e4\u00df \u00a7 5&nbsp;TMG DFF \u2013 Deutsches Filminstitut &amp; Filmmuseum e.V. Schaumainkai 41 60596 Frankfurt am&nbsp;Main Vertreten durch: Ellen M. Harrington Aur\u00e9lio de&nbsp;Sousa Kontakt: Telefon: +49\u201369-961220 0 Telefax: +49\u201369-961220 999 E\u2011Mail: info@dff.film Zust\u00e4ndiges Vereinsregister Amtsgericht Frankfurt am&nbsp;Main \u2013 Registergericht&nbsp;\u2013 Heiligkreuzgasse 34 60313 Frankfurt am&nbsp;Main [&hellip;]\" \/>\n<meta property=\"og:url\" content=\"https:\/\/2022.lucas-filmfestival.de\/en\/imprint\/\" \/>\n<meta property=\"og:site_name\" content=\"LUCAS \u2013 Internationales Festival f\u00fcr junge Filmfans\" \/>\n<meta property=\"article:publisher\" content=\"https:\/\/www.facebook.com\/LUCASFestival\" \/>\n<meta property=\"article:modified_time\" content=\"2021-08-27T14:57:38+00:00\" \/>\n<meta name=\"twitter:card\" content=\"summary_large_image\" \/>\n<meta name=\"twitter:site\" content=\"@dff_film\" \/>\n<meta name=\"twitter:label1\" content=\"Est. reading time\" \/>\n\t<meta name=\"twitter:data1\" content=\"3 minutes\" \/>\n<script type=\"application\/ld+json\" class=\"yoast-schema-graph\">{\"@context\":\"https:\/\/schema.org\",\"@graph\":[{\"@type\":\"WebPage\",\"@id\":\"https:\/\/2022.lucas-filmfestival.de\/en\/imprint\/\",\"url\":\"https:\/\/2022.lucas-filmfestival.de\/en\/imprint\/\",\"name\":\"Imprint - LUCAS \u2013 Internationales Festival f\u00fcr junge Filmfans\",\"isPartOf\":{\"@id\":\"https:\/\/2022.lucas-filmfestival.de\/en\/#website\"},\"datePublished\":\"2021-01-18T10:03:31+00:00\",\"dateModified\":\"2021-08-27T14:57:38+00:00\",\"breadcrumb\":{\"@id\":\"https:\/\/2022.lucas-filmfestival.de\/en\/imprint\/#breadcrumb\"},\"inLanguage\":\"en-US\",\"potentialAction\":[{\"@type\":\"ReadAction\",\"target\":[\"https:\/\/2022.lucas-filmfestival.de\/en\/imprint\/\"]}]},{\"@type\":\"BreadcrumbList\",\"@id\":\"https:\/\/2022.lucas-filmfestival.de\/en\/imprint\/#breadcrumb\",\"itemListElement\":[{\"@type\":\"ListItem\",\"position\":1,\"name\":\"Home\",\"item\":\"https:\/\/2022.lucas-filmfestival.de\/en\/\"},{\"@type\":\"ListItem\",\"position\":2,\"name\":\"Imprint\"}]},{\"@type\":\"WebSite\",\"@id\":\"https:\/\/2022.lucas-filmfestival.de\/en\/#website\",\"url\":\"https:\/\/2022.lucas-filmfestival.de\/en\/\",\"name\":\"LUCAS \u2013 Internationales Festival f\u00fcr junge Filmfans\",\"description\":\"Deutschlands \u00e4ltestes Filmfestival f\u00fcr junges Publikum. Das Programm richtet sich an alle von vier Jahren bis 18plus und pr\u00e4sentiert aktuelles internationales Filmschaffen \u2013 Spiel\u2011, Dokumentar\u2011, Animations- und Experimentalfilme. Herzst\u00fcck von LUCAS sind die Wettbewerbe in den Sektionen 8+, 13+ und 16+ | Youngsters.\",\"publisher\":{\"@id\":\"https:\/\/2022.lucas-filmfestival.de\/en\/#organization\"},\"potentialAction\":[{\"@type\":\"SearchAction\",\"target\":{\"@type\":\"EntryPoint\",\"urlTemplate\":\"https:\/\/2022.lucas-filmfestival.de\/en\/?s={search_term_string}\"},\"query-input\":{\"@type\":\"PropertyValueSpecification\",\"valueRequired\":true,\"valueName\":\"search_term_string\"}}],\"inLanguage\":\"en-US\"},{\"@type\":\"Organization\",\"@id\":\"https:\/\/2022.lucas-filmfestival.de\/en\/#organization\",\"name\":\"LUCAS \u2013 Internationales Festival f\u00fcr junge Filmfans\",\"url\":\"https:\/\/2022.lucas-filmfestival.de\/en\/\",\"logo\":{\"@type\":\"ImageObject\",\"inLanguage\":\"en-US\",\"@id\":\"https:\/\/2022.lucas-filmfestival.de\/en\/#\/schema\/logo\/image\/\",\"url\":\"https:\/\/2022.lucas-filmfestival.de\/medien\/2021\/01\/cropped-LucasAnimation-logo-br80px.gif\",\"contentUrl\":\"https:\/\/2022.lucas-filmfestival.de\/medien\/2021\/01\/cropped-LucasAnimation-logo-br80px.gif\",\"width\":80,\"height\":59,\"caption\":\"LUCAS \u2013 Internationales Festival f\u00fcr junge Filmfans\"},\"image\":{\"@id\":\"https:\/\/2022.lucas-filmfestival.de\/en\/#\/schema\/logo\/image\/\"},\"sameAs\":[\"https:\/\/www.facebook.com\/LUCASFestival\",\"https:\/\/x.com\/dff_film\"]}]}<\/script>\n<!-- \/ Yoast SEO plugin. -->","yoast_head_json":{"title":"Imprint - LUCAS \u2013 Internationales Festival f\u00fcr junge Filmfans","robots":{"index":"index","follow":"follow","max-snippet":"max-snippet:-1","max-image-preview":"max-image-preview:large","max-video-preview":"max-video-preview:-1"},"canonical":"https:\/\/2022.lucas-filmfestival.de\/en\/imprint\/","og_locale":"en_US","og_type":"article","og_title":"Imprint - LUCAS \u2013 Internationales Festival f\u00fcr junge Filmfans","og_description":"[vc_row full_width=\u201cstretch_row\u201d css=\u201d.vc_custom_1624870661869{padding-top: 50px !important;padding-bottom: 50px !important;background-color: #48d1cc !important;}\u201d][vc_column][vc_row_inner][vc_column_inner][vc_single_image image=\u201c875\u201d img_size=\u201c215x50\u201d][\/vc_column_inner][\/vc_row_inner][vc_row_inner][vc_column_inner width=\u201c1\/2\u201d][vc_column_text]Angaben gem\u00e4\u00df \u00a7 5&nbsp;TMG DFF \u2013 Deutsches Filminstitut &amp; Filmmuseum e.V. Schaumainkai 41 60596 Frankfurt am&nbsp;Main Vertreten durch: Ellen M. Harrington Aur\u00e9lio de&nbsp;Sousa Kontakt: Telefon: +49\u201369-961220 0 Telefax: +49\u201369-961220 999 E\u2011Mail: info@dff.film Zust\u00e4ndiges Vereinsregister Amtsgericht Frankfurt am&nbsp;Main \u2013 Registergericht&nbsp;\u2013 Heiligkreuzgasse 34 60313 Frankfurt am&nbsp;Main [&hellip;]","og_url":"https:\/\/2022.lucas-filmfestival.de\/en\/imprint\/","og_site_name":"LUCAS \u2013 Internationales Festival f\u00fcr junge Filmfans","article_publisher":"https:\/\/www.facebook.com\/LUCASFestival","article_modified_time":"2021-08-27T14:57:38+00:00","twitter_card":"summary_large_image","twitter_site":"@dff_film","twitter_misc":{"Est. reading time":"3 minutes"},"schema":{"@context":"https:\/\/schema.org","@graph":[{"@type":"WebPage","@id":"https:\/\/2022.lucas-filmfestival.de\/en\/imprint\/","url":"https:\/\/2022.lucas-filmfestival.de\/en\/imprint\/","name":"Imprint - LUCAS \u2013 Internationales Festival f\u00fcr junge Filmfans","isPartOf":{"@id":"https:\/\/2022.lucas-filmfestival.de\/en\/#website"},"datePublished":"2021-01-18T10:03:31+00:00","dateModified":"2021-08-27T14:57:38+00:00","breadcrumb":{"@id":"https:\/\/2022.lucas-filmfestival.de\/en\/imprint\/#breadcrumb"},"inLanguage":"en-US","potentialAction":[{"@type":"ReadAction","target":["https:\/\/2022.lucas-filmfestival.de\/en\/imprint\/"]}]},{"@type":"BreadcrumbList","@id":"https:\/\/2022.lucas-filmfestival.de\/en\/imprint\/#breadcrumb","itemListElement":[{"@type":"ListItem","position":1,"name":"Home","item":"https:\/\/2022.lucas-filmfestival.de\/en\/"},{"@type":"ListItem","position":2,"name":"Imprint"}]},{"@type":"WebSite","@id":"https:\/\/2022.lucas-filmfestival.de\/en\/#website","url":"https:\/\/2022.lucas-filmfestival.de\/en\/","name":"LUCAS \u2013 Internationales Festival f\u00fcr junge Filmfans","description":"Deutschlands \u00e4ltestes Filmfestival f\u00fcr junges Publikum. Das Programm richtet sich an alle von vier Jahren bis 18plus und pr\u00e4sentiert aktuelles internationales Filmschaffen \u2013 Spiel\u2011, Dokumentar\u2011, Animations- und Experimentalfilme. Herzst\u00fcck von LUCAS sind die Wettbewerbe in den Sektionen 8+, 13+ und 16+ | Youngsters.","publisher":{"@id":"https:\/\/2022.lucas-filmfestival.de\/en\/#organization"},"potentialAction":[{"@type":"SearchAction","target":{"@type":"EntryPoint","urlTemplate":"https:\/\/2022.lucas-filmfestival.de\/en\/?s={search_term_string}"},"query-input":{"@type":"PropertyValueSpecification","valueRequired":true,"valueName":"search_term_string"}}],"inLanguage":"en-US"},{"@type":"Organization","@id":"https:\/\/2022.lucas-filmfestival.de\/en\/#organization","name":"LUCAS \u2013 Internationales Festival f\u00fcr junge Filmfans","url":"https:\/\/2022.lucas-filmfestival.de\/en\/","logo":{"@type":"ImageObject","inLanguage":"en-US","@id":"https:\/\/2022.lucas-filmfestival.de\/en\/#\/schema\/logo\/image\/","url":"https:\/\/2022.lucas-filmfestival.de\/medien\/2021\/01\/cropped-LucasAnimation-logo-br80px.gif","contentUrl":"https:\/\/2022.lucas-filmfestival.de\/medien\/2021\/01\/cropped-LucasAnimation-logo-br80px.gif","width":80,"height":59,"caption":"LUCAS \u2013 Internationales Festival f\u00fcr junge Filmfans"},"image":{"@id":"https:\/\/2022.lucas-filmfestival.de\/en\/#\/schema\/logo\/image\/"},"sameAs":["https:\/\/www.facebook.com\/LUCASFestival","https:\/\/x.com\/dff_film"]}]}},"_links":{"self":[{"href":"https:\/\/2022.lucas-filmfestival.de\/en\/wp-json\/wp\/v2\/pages\/5843","targetHints":{"allow":["GET"]}}],"collection":[{"href":"https:\/\/2022.lucas-filmfestival.de\/en\/wp-json\/wp\/v2\/pages"}],"about":[{"href":"https:\/\/2022.lucas-filmfestival.de\/en\/wp-json\/wp\/v2\/types\/page"}],"author":[{"embeddable":true,"href":"https:\/\/2022.lucas-filmfestival.de\/en\/wp-json\/wp\/v2\/users\/1"}],"replies":[{"embeddable":true,"href":"https:\/\/2022.lucas-filmfestival.de\/en\/wp-json\/wp\/v2\/comments?post=5843"}],"version-history":[{"count":4,"href":"https:\/\/2022.lucas-filmfestival.de\/en\/wp-json\/wp\/v2\/pages\/5843\/revisions"}],"predecessor-version":[{"id":5911,"href":"https:\/\/2022.lucas-filmfestival.de\/en\/wp-json\/wp\/v2\/pages\/5843\/revisions\/5911"}],"wp:attachment":[{"href":"https:\/\/2022.lucas-filmfestival.de\/en\/wp-json\/wp\/v2\/media?parent=5843"}],"curies":[{"name":"wp","href":"https:\/\/api.w.org\/{rel}","templated":true}]}}